{"id":8,"date":"2013-06-25T21:46:14","date_gmt":"2013-06-25T19:46:14","guid":{"rendered":"http:\/\/www.isdnsoftware.de\/iln\/?page_id=8"},"modified":"2019-10-25T14:14:55","modified_gmt":"2019-10-25T13:14:55","slug":"interessengemeinschaft-lebenswertes-norderstedt","status":"publish","type":"page","link":"https:\/\/www.iln-norderstedt.de\/","title":{"rendered":"Die ILN"},"content":{"rendered":"<div class=\"ie8-hinweis\">Ihr Browser ist veraltet. Diese Website ben\u00f6tigt mindestens Internet Explorer 9 oder Firefox oder einen anderen Browser.<\/div>\n<p><img loading=\"lazy\" class=\"alignnone size-medium wp-image-452\" src=\"http:\/\/www.iln-norderstedt.de\/wp-content\/uploads\/2013\/06\/radfahrer-300x129.jpg\" alt=\"Radfahrer. Foto: Segatz\" width=\"300\" height=\"129\" srcset=\"https:\/\/www.iln-norderstedt.de\/wp-content\/uploads\/2013\/06\/radfahrer-300x129.jpg 300w, https:\/\/www.iln-norderstedt.de\/wp-content\/uploads\/2013\/06\/radfahrer.jpg 306w\" sizes=\"(max-width: 300px) 100vw, 300px\" \/><\/p>\n<p><span style=\"color: #000000;\">Die ILN besteht aus B\u00fcrgerinnen und B\u00fcrgern Norderstedts. Unsere Aktivit\u00e4ten sollen helfen,\u00a0gesundheitsgef\u00e4hrdende Umweltbedingungen\u00a0durch L\u00e4rm und Luftschadstoffe in Norderstedt zu erkennen, einzuordnen und publik zu machen, um\u00a0deren Niveau auf zul\u00e4ssige Ma\u00dfe zu reduzieren und somit f\u00fcr ein nachhaltig lebenswertes Norderstedt zu sorgen. Weiterhin liegt unsere Initiative bei der b\u00fcrgernahen Mitgestaltung der Stadtentwicklung.<\/span><\/p>\n<p><span style=\"color: #000000;\">Die Kommune ist auf gesetzgeberischem Wege verpflichtet, die Umweltbelastung der B\u00fcrger zu erfassen und zu minimieren, dabei spielen EG- Richtlinien eine wesentliche Rolle. Zunehmend muss bei diesen Vorg\u00e4ngen die \u00d6ffentlichkeit eingeschaltet werden. <\/span><\/p>\n<p><span style=\"color: #000000;\">Die ILN ist davon \u00fcberzeugt, dass bei relevanten Vorhaben der Kommune, durch die Einschaltung der \u00d6ffentlichkeit, eine deutliche Verbesserung der Umweltbedingungen (L\u00e4rm, Luftverschmutzung, Klima) erreicht werden kann. <\/span><\/p>\n<p><span style=\"color: #000000;\">Die ILN sieht sich als Sprachrohr der \u00d6ffentlichkeit. Unsere Mitwirkung bei dem ersten L\u00e4rmaktionsplan 2008-2013 hat zu dem durch die Stadt aufgezeigten Erfolg beigetragen. Leider konnten nicht alle Vorhaben trotz Intervention umgesetzt werden. Der neue L\u00e4rmaktionsplan erfordert<\/span><span style=\"font-family: Arial;\"><span style=\"color: #000000; font-size: x-large;\">\u00a0 <\/span><span style=\"color: #000000;\">wieder die Mitwirkung der \u00d6ffentlichkeit. Der Erfolg kann sich aber nur dann einstellen, wenn die ILN unterst\u00fctzt und getragen wird von der \u00fcberwiegenden Mehrheit der Einwohner Norderstedts, der \u201e\u00d6ffentlichkeit\u201c. Machen Sie mit!<\/span><\/span><\/p>\n<p><span style=\"color: #000000;\">Unsere Website gibt Ihnen in den Rubriken <\/span><strong><span style=\"color: #000000; font-family: Arial; font-size: x-large;\">\u201eL\u00e4rm\u201c,\u00a0&#8222;Luftqualit\u00e4t&#8220; <\/span><\/strong><span style=\"color: #000000; font-family: Arial; font-size: x-large;\">und<\/span><strong><span style=\"color: #000000; font-family: Arial; font-size: x-large;\"> \u201eStadtentwicklung\u201c<\/span><\/strong><span style=\"color: #000000;\"> Informationen \u00fcber Grundlagen, Richtlinien und Gesetze, sowie Inhalt der Pl\u00e4ne und Stand der Umsetzung.<\/span><\/p>\n<p><span style=\"color: #000000;\">Damit Sie einfacher mit uns kommunizieren k\u00f6nnen, haben wir die Rubrik <\/span><strong><span style=\"color: #000000; font-family: Arial; font-size: x-large;\">\u201eForum\u201c<\/span><\/strong><span style=\"color: #000000;\"> eingerichtet. Nach dem Registrieren \u00fcber \u201eCreate Account\u201c und<\/span><span style=\"font-family: Arial;\"><span style=\"color: #000000; font-size: x-large;\">\u00a0 <\/span><span style=\"color: #000000;\">\u201eLogin\u201c k\u00f6nnen Sie Ihren Beitrag zu relevanten Themen leisten, Fragen stellen bzw. neue Themen ansto\u00dfen.<\/span><\/span><\/p>\n","protected":false},"excerpt":{"rendered":"<p>Ihr Browser ist veraltet. Diese Website ben\u00f6tigt mindestens Internet Explorer 9 oder Firefox oder einen anderen Browser. Die ILN besteht aus B\u00fcrgerinnen und B\u00fcrgern Norderstedts. Unsere Aktivit\u00e4ten sollen helfen,\u00a0gesundheitsgef\u00e4hrdende Umweltbedingungen\u00a0durch L\u00e4rm und Luftschadstoffe in Norderstedt zu erkennen, einzuordnen und publik zu machen, um\u00a0deren Niveau auf zul\u00e4ssige Ma\u00dfe zu reduzieren und somit f\u00fcr ein nachhaltig lebenswertes &hellip; <a href=\"https:\/\/www.iln-norderstedt.de\/\" class=\"more-link\"><span class=\"screen-reader-text\">Die ILN<\/span> weiterlesen <span class=\"meta-nav\">&rarr;<\/span><\/a><\/p>\n","protected":false},"author":11,"featured_media":0,"parent":758,"menu_order":0,"comment_status":"closed","ping_status":"closed","template":"","meta":[],"_links":{"self":[{"href":"https:\/\/www.iln-norderstedt.de\/index.php?rest_route=\/wp\/v2\/pages\/8"}],"collection":[{"href":"https:\/\/www.iln-norderstedt.de\/index.php?rest_route=\/wp\/v2\/pages"}],"about":[{"href":"https:\/\/www.iln-norderstedt.de\/index.php?rest_route=\/wp\/v2\/types\/page"}],"author":[{"embeddable":true,"href":"https:\/\/www.iln-norderstedt.de\/index.php?rest_route=\/wp\/v2\/users\/11"}],"replies":[{"embeddable":true,"href":"https:\/\/www.iln-norderstedt.de\/index.php?rest_route=%2Fwp%2Fv2%2Fcomments&post=8"}],"version-history":[{"count":33,"href":"https:\/\/www.iln-norderstedt.de\/index.php?rest_route=\/wp\/v2\/pages\/8\/revisions"}],"predecessor-version":[{"id":781,"href":"https:\/\/www.iln-norderstedt.de\/index.php?rest_route=\/wp\/v2\/pages\/8\/revisions\/781"}],"up":[{"embeddable":true,"href":"https:\/\/www.iln-norderstedt.de\/index.php?rest_route=\/wp\/v2\/pages\/758"}],"wp:attachment":[{"href":"https:\/\/www.iln-norderstedt.de\/index.php?rest_route=%2Fwp%2Fv2%2Fmedia&parent=8"}],"curies":[{"name":"wp","href":"https:\/\/api.w.org\/{rel}","templated":true}]}}