{"id":672,"date":"2014-05-06T19:42:39","date_gmt":"2014-05-06T18:42:39","guid":{"rendered":"http:\/\/www.iln-norderstedt.de\/?page_id=672"},"modified":"2014-05-06T19:44:23","modified_gmt":"2014-05-06T18:44:23","slug":"eu-vorschriften-und-deutsches-recht","status":"publish","type":"page","link":"https:\/\/www.iln-norderstedt.de\/?page_id=672","title":{"rendered":"EU-Vorschriften und deutsches Recht"},"content":{"rendered":"<p><b>Die EU tut etwas gegen L\u00e4rm<\/b><\/p>\n<p>Die EU-Umgebungsl\u00e4rmrichtlinie aus dem Jahr 2002 schreibt den Mitgliedsstaaten vor, f\u00fcr Ballungsr\u00e4ume L\u00e4rmkarten und Aktionspl\u00e4ne zu erstellen. Weitere Ziele sind die Harmonisierung der Kenngr\u00f6\u00dfen und Berechnungsverfahren sowie die Schaffung von Grundlagen zur L\u00e4rmminderung bei den wichtigsten L\u00e4rmquellen:<\/p>\n<ul>\n<li>Stra\u00dfenverkehr<\/li>\n<li>Eisenbahnverkehr<\/li>\n<li>Flugverkehr, Flugh\u00e4fen<\/li>\n<li>Industrieanlagen<\/li>\n<\/ul>\n<p>Die EU-Richtlinie ist u. a. mit \u00a747a-f des Bundes-Immissionsschutzgesetzes (BImSchG) und durch die Verordnung 34.BImSchV (L\u00e4rmkartierung) in deutsches Recht umgesetzt worden.<\/p>\n<p><strong>Mitwirkung der \u00d6ffentlichkeit<\/strong><\/p>\n<p>Unter \u00a747d Absatz 3 des BImSchG steht: \u201eDie \u00d6ffentlichkeit \u00a0wird zu Vorschl\u00e4gen f\u00fcr L\u00e4rmaktionspl\u00e4ne geh\u00f6rt. Sie erh\u00e4lt rechtzeitig und effektiv die M\u00f6glichkeit, an der Ausarbeitung und der \u00dcberpr\u00fcfung der L\u00e4rmaktionspl\u00e4ne mitzuwirken.\u00a0 Die Ergebnisse der Mitwirkung sind zu ber\u00fccksichtigen. Die \u00d6ffentlichkeit ist \u00fcber die getroffenen Entscheidungen zu unterrichten. Es sind angemessene Fristen mit einer ausreichenden Zeitspanne f\u00fcr jede Phase der Beteiligung vorzusehen.\u201c Ohne die Einschaltung der \u00d6ffentlichkeit kann kein L\u00e4rmaktionsplan erstellt und umgesetzt werden.<\/p>\n<p><strong>L\u00e4rmkarten und L\u00e4rmaktionspl\u00e4ne<\/strong><\/p>\n<p>Die L\u00e4rmkartierung stellt die Belastung getrennt nach L\u00e4rmquellen und getrennt f\u00fcr Tag und Nacht dar. Sie wird alle f\u00fcnf Jahre erneuert. Auf Grundlage der L\u00e4rmkartierung wird ein L\u00e4rmaktionsplan erstellt, der Ma\u00dfnahmen enth\u00e4lt, die in kritischen F\u00e4llen den L\u00e4rm mindertn sollen. Au\u00dferdem sollen die L\u00e4rmaktionspl\u00e4ne \u201eRuhige Gebiete\u201c festlegen, die vor zus\u00e4tzlichem L\u00e4rm zu sch\u00fctzen sind.<\/p>\n<p>Nach Genehmigung durch die zust\u00e4ndige Beh\u00f6rde oder Stadtvertretung wird der L\u00e4rmaktionsplan sukzessive umgesetzt und nach einer Periode von 5 Jahren entsprechend der neuen L\u00e4rmkartierung \u00fcberpr\u00fcft.<\/p>\n","protected":false},"excerpt":{"rendered":"<p>Die EU tut etwas gegen L\u00e4rm Die EU-Umgebungsl\u00e4rmrichtlinie aus dem Jahr 2002 schreibt den Mitgliedsstaaten vor, f\u00fcr Ballungsr\u00e4ume L\u00e4rmkarten und Aktionspl\u00e4ne zu erstellen. Weitere Ziele sind die Harmonisierung der Kenngr\u00f6\u00dfen und Berechnungsverfahren sowie die Schaffung von Grundlagen zur L\u00e4rmminderung bei den wichtigsten L\u00e4rmquellen: Stra\u00dfenverkehr Eisenbahnverkehr Flugverkehr, Flugh\u00e4fen Industrieanlagen Die EU-Richtlinie ist u. a. mit \u00a747a-f &hellip; <a href=\"https:\/\/www.iln-norderstedt.de\/?page_id=672\" class=\"more-link\"><span class=\"screen-reader-text\">EU-Vorschriften und deutsches Recht<\/span> weiterlesen <span class=\"meta-nav\">&rarr;<\/span><\/a><\/p>\n","protected":false},"author":11,"featured_media":0,"parent":0,"menu_order":0,"comment_status":"closed","ping_status":"closed","template":"","meta":[],"_links":{"self":[{"href":"https:\/\/www.iln-norderstedt.de\/index.php?rest_route=\/wp\/v2\/pages\/672"}],"collection":[{"href":"https:\/\/www.iln-norderstedt.de\/index.php?rest_route=\/wp\/v2\/pages"}],"about":[{"href":"https:\/\/www.iln-norderstedt.de\/index.php?rest_route=\/wp\/v2\/types\/page"}],"author":[{"embeddable":true,"href":"https:\/\/www.iln-norderstedt.de\/index.php?rest_route=\/wp\/v2\/users\/11"}],"replies":[{"embeddable":true,"href":"https:\/\/www.iln-norderstedt.de\/index.php?rest_route=%2Fwp%2Fv2%2Fcomments&post=672"}],"version-history":[{"count":2,"href":"https:\/\/www.iln-norderstedt.de\/index.php?rest_route=\/wp\/v2\/pages\/672\/revisions"}],"predecessor-version":[{"id":675,"href":"https:\/\/www.iln-norderstedt.de\/index.php?rest_route=\/wp\/v2\/pages\/672\/revisions\/675"}],"wp:attachment":[{"href":"https:\/\/www.iln-norderstedt.de\/index.php?rest_route=%2Fwp%2Fv2%2Fmedia&parent=672"}],"curies":[{"name":"wp","href":"https:\/\/api.w.org\/{rel}","templated":true}]}}