{"id":663,"date":"2014-04-26T18:52:01","date_gmt":"2014-04-26T17:52:01","guid":{"rendered":"http:\/\/www.iln-norderstedt.de\/?page_id=663"},"modified":"2014-04-26T18:52:01","modified_gmt":"2014-04-26T17:52:01","slug":"laerm-messen","status":"publish","type":"page","link":"https:\/\/www.iln-norderstedt.de\/?page_id=663","title":{"rendered":"L\u00e4rm messen"},"content":{"rendered":"<p>L\u00e4rm objektiv einzuordnen, ist nicht leicht.<\/p>\n<p>Physikalisch messbar ist der \u201eSchalldruck\u201c in der Einheit \u201ePascal\u201c (Pa). Die H\u00f6rschwelle des Menschen liegt bei ca. 2 x 10<sup>-5<\/sup> Pascal, die Schmerzschwelle bei ca. 100 Pascal. Diese gro\u00dfe Spanne ist rechnerisch umst\u00e4ndlich zu handhaben. Da das Ohr zudem bei gro\u00dfem Schalldruck empfindlicher auf eine Erh\u00f6hung reagiert als auf eine prozentual gleiche Erh\u00f6hung bei niedrigem Schalldruck, liegt es nahe, die Schalldruckschwankungen als logarithmisches Verh\u00e4ltnis auszudr\u00fccken.<\/p>\n<p>Bezugswert ist der H\u00f6rschwellenwert von 2 x 10<sup>-5<\/sup> Pascal, das Ergebnis hei\u00dft \u201eSchalldruckpegel\u201c. Der Schalldruckpegel wird in Dezibel oder dB angegeben und reicht von 0 dB (v\u00f6llige Stille) bis \u00fcber 100 dB (z. B. Schmerzgrenze 130 dB, D\u00fcsenflugzeug in 30 m Entfernung 140 dB).<\/p>\n<p>Der Schalldruckpegel in dB gen\u00fcgt aber nicht, um anzugeben, wie stark Menschen ein Ger\u00e4usch als L\u00e4rm einstufen. Abgesehen von individuellen Unterschieden empfinden alle Menschen bestimmte Arten von Ger\u00e4uschen als besonders st\u00f6rend, z. B. Quietschen, H\u00e4mmern oder ein dumpfes Dr\u00f6hnen, das W\u00e4nde zum Vibrieren bringt.<\/p>\n<p>Ein durch Frequenzfilter korrigierter Schalldruckpegel soll das menschliche Empfinden ber\u00fccksichtigen. F\u00fcr unterschiedliche Arten von L\u00e4rm werden unterschiedliche Filter angewendet, bezeichnet mit A, B, C, D. Gebr\u00e4uchlich im Stra\u00dfenverkehrsl\u00e4rm ist die Angabe \u201edB (A)\u201c. Diese Angabe findet man h\u00e4ufig in der Darstellung von Messungen.<\/p>\n<p>Der Nachteil solcher Messungen in der Praxis ist: H\u00e4ufig werden die Messungen zu Jahresmittelwerten verdichtet, und Politiker f\u00e4llen Entscheidungen anhand der Jahresmittelwerte.<strong> <\/strong><\/p>\n","protected":false},"excerpt":{"rendered":"<p>L\u00e4rm objektiv einzuordnen, ist nicht leicht. Physikalisch messbar ist der \u201eSchalldruck\u201c in der Einheit \u201ePascal\u201c (Pa). Die H\u00f6rschwelle des Menschen liegt bei ca. 2 x 10-5 Pascal, die Schmerzschwelle bei ca. 100 Pascal. Diese gro\u00dfe Spanne ist rechnerisch umst\u00e4ndlich zu handhaben. Da das Ohr zudem bei gro\u00dfem Schalldruck empfindlicher auf eine Erh\u00f6hung reagiert als auf &hellip; <a href=\"https:\/\/www.iln-norderstedt.de\/?page_id=663\" class=\"more-link\"><span class=\"screen-reader-text\">L\u00e4rm messen<\/span> weiterlesen <span class=\"meta-nav\">&rarr;<\/span><\/a><\/p>\n","protected":false},"author":11,"featured_media":0,"parent":0,"menu_order":0,"comment_status":"closed","ping_status":"closed","template":"","meta":[],"_links":{"self":[{"href":"https:\/\/www.iln-norderstedt.de\/index.php?rest_route=\/wp\/v2\/pages\/663"}],"collection":[{"href":"https:\/\/www.iln-norderstedt.de\/index.php?rest_route=\/wp\/v2\/pages"}],"about":[{"href":"https:\/\/www.iln-norderstedt.de\/index.php?rest_route=\/wp\/v2\/types\/page"}],"author":[{"embeddable":true,"href":"https:\/\/www.iln-norderstedt.de\/index.php?rest_route=\/wp\/v2\/users\/11"}],"replies":[{"embeddable":true,"href":"https:\/\/www.iln-norderstedt.de\/index.php?rest_route=%2Fwp%2Fv2%2Fcomments&post=663"}],"version-history":[{"count":4,"href":"https:\/\/www.iln-norderstedt.de\/index.php?rest_route=\/wp\/v2\/pages\/663\/revisions"}],"predecessor-version":[{"id":667,"href":"https:\/\/www.iln-norderstedt.de\/index.php?rest_route=\/wp\/v2\/pages\/663\/revisions\/667"}],"wp:attachment":[{"href":"https:\/\/www.iln-norderstedt.de\/index.php?rest_route=%2Fwp%2Fv2%2Fmedia&parent=663"}],"curies":[{"name":"wp","href":"https:\/\/api.w.org\/{rel}","templated":true}]}}