{"id":657,"date":"2014-04-26T18:41:46","date_gmt":"2014-04-26T17:41:46","guid":{"rendered":"http:\/\/www.iln-norderstedt.de\/?page_id=657"},"modified":"2014-05-06T20:06:01","modified_gmt":"2014-05-06T19:06:01","slug":"laermquellen","status":"publish","type":"page","link":"https:\/\/www.iln-norderstedt.de\/?page_id=657","title":{"rendered":"L\u00e4rmquellen"},"content":{"rendered":"<p>L\u00e4rm hat viele Ursachen, zum Beispiel:<br \/>\nStra\u00dfenverkehr<br \/>\nSchienenverkehr<br \/>\nFlugverkehr<br \/>\nBaustellen<br \/>\nIndustrie und Gewerbe<br \/>\nFreizeitaktivit\u00e4ten<\/p>\n<p>In Norderstedt sind besonders viele Menschen vom Stra\u00dfenverkehrsl\u00e4rm betroffen. Er soll hier n\u00e4her erl\u00e4utert werden, denn er hat mehrere Ursachen. Verkehrsl\u00e4rm entsteht durch<br \/>\n&#8211; Antriebsger\u00e4usche, d. h. durch Motor und Antriebswelle<br \/>\n&#8211; Klappernde Aufbauten und Anh\u00e4nger<br \/>\n&#8211; Fahrtwind bei hohen Geschwindigkeiten, daher im Stadtverkehr selten<br \/>\n&#8211; Rollger\u00e4usche im Zusammenwirken aus Reifen und Fahrbahn<\/p>\n<p><a href=\"http:\/\/www.iln-norderstedt.de\/wp-content\/uploads\/2014\/04\/foto_ulzburger_2014-02-24_stau.jpg\"><img loading=\"lazy\" class=\"alignnone size-full wp-image-653\" alt=\"foto_ulzburger_2014-02-24_stau\" src=\"http:\/\/www.iln-norderstedt.de\/wp-content\/uploads\/2014\/04\/foto_ulzburger_2014-02-24_stau.jpg\" width=\"300\" height=\"177\" \/><\/a><br \/>\nBeispiel Ulzburger Stra\u00dfe: Verkehr Tag und Nacht<\/p>\n<p>Ab einer Geschwindigkeit von 40-60 km\/h \u00fcberwiegt das Rollger\u00e4usch das Motorger\u00e4usch. Das gilt f\u00fcr Pkw st\u00e4rker als f\u00fcr Lkw, f\u00fcr Motorr\u00e4der gar nicht. Bestandteile des Rollger\u00e4usches sind: Aufschlagen der Profilstollen auf die Fahrbahn, Verdr\u00e4ngung der Luft aus den Profilrillen, Flattern und Luftwirbel beim Abl\u00f6sen des Profils von der Fahrbahn.<\/p>\n<p>Die Geschwindigkeit hat gro\u00dfe Wirkung auf den L\u00e4rm den ein Fahrzeug verursacht. Faustregel: Doppelte Geschwindigkeit = doppelter L\u00e4rm.<\/p>\n<p><a href=\"http:\/\/www.iln-norderstedt.de\/wp-content\/uploads\/2014\/04\/tempo3_200.jpg\"><img loading=\"lazy\" class=\"alignnone size-full wp-image-651\" alt=\"tempo3_200\" src=\"http:\/\/www.iln-norderstedt.de\/wp-content\/uploads\/2014\/04\/tempo3_200.jpg\" width=\"200\" height=\"119\" \/><\/a><br \/>\nDie o. a. Grafik zeigt den Schalldruckpegel eines vorbeifahrenden Pkw auf der Norderstedter Lawaetzstra\u00dfe im Vergleich zwischen 30 km\/h und 60 km\/h.<\/p>\n<p>Lkws sind deutlich gr\u00f6\u00dfere L\u00e4rmverursacher als Pkws. Die Schweizer Website <a title=\"L\u00e4rm durch Lkw\" href=\"http:\/\/www.laermorama.ch\/m5_krachmacher\/strassenlaerm_w.html#lastwagen\" target=\"_blank\">www.laermorama.ch<\/a> hat eine Grafik ver\u00f6ffentlicht, nach der ein Lkw durchschnittlich so laut ist wie 10 bis 15 Pkws. Auf der Website gibt es viele verst\u00e4ndlich aufbereitete Grafiken und eine interaktive \u201eH\u00f6rkiste\u201c, in welcher Anwender sich spielerisch mit dem Thema befassen k\u00f6nnen.<\/p>\n","protected":false},"excerpt":{"rendered":"<p>L\u00e4rm hat viele Ursachen, zum Beispiel: Stra\u00dfenverkehr Schienenverkehr Flugverkehr Baustellen Industrie und Gewerbe Freizeitaktivit\u00e4ten In Norderstedt sind besonders viele Menschen vom Stra\u00dfenverkehrsl\u00e4rm betroffen. Er soll hier n\u00e4her erl\u00e4utert werden, denn er hat mehrere Ursachen. Verkehrsl\u00e4rm entsteht durch &#8211; Antriebsger\u00e4usche, d. h. durch Motor und Antriebswelle &#8211; Klappernde Aufbauten und Anh\u00e4nger &#8211; Fahrtwind bei hohen Geschwindigkeiten, &hellip; <a href=\"https:\/\/www.iln-norderstedt.de\/?page_id=657\" class=\"more-link\"><span class=\"screen-reader-text\">L\u00e4rmquellen<\/span> weiterlesen <span class=\"meta-nav\">&rarr;<\/span><\/a><\/p>\n","protected":false},"author":11,"featured_media":0,"parent":0,"menu_order":0,"comment_status":"closed","ping_status":"closed","template":"","meta":[],"_links":{"self":[{"href":"https:\/\/www.iln-norderstedt.de\/index.php?rest_route=\/wp\/v2\/pages\/657"}],"collection":[{"href":"https:\/\/www.iln-norderstedt.de\/index.php?rest_route=\/wp\/v2\/pages"}],"about":[{"href":"https:\/\/www.iln-norderstedt.de\/index.php?rest_route=\/wp\/v2\/types\/page"}],"author":[{"embeddable":true,"href":"https:\/\/www.iln-norderstedt.de\/index.php?rest_route=\/wp\/v2\/users\/11"}],"replies":[{"embeddable":true,"href":"https:\/\/www.iln-norderstedt.de\/index.php?rest_route=%2Fwp%2Fv2%2Fcomments&post=657"}],"version-history":[{"count":5,"href":"https:\/\/www.iln-norderstedt.de\/index.php?rest_route=\/wp\/v2\/pages\/657\/revisions"}],"predecessor-version":[{"id":685,"href":"https:\/\/www.iln-norderstedt.de\/index.php?rest_route=\/wp\/v2\/pages\/657\/revisions\/685"}],"wp:attachment":[{"href":"https:\/\/www.iln-norderstedt.de\/index.php?rest_route=%2Fwp%2Fv2%2Fmedia&parent=657"}],"curies":[{"name":"wp","href":"https:\/\/api.w.org\/{rel}","templated":true}]}}