{"id":546,"date":"2014-03-01T10:52:10","date_gmt":"2014-03-01T09:52:10","guid":{"rendered":"http:\/\/www.iln-norderstedt.de\/?page_id=546"},"modified":"2018-06-02T10:49:16","modified_gmt":"2018-06-02T09:49:16","slug":"institutionen","status":"publish","type":"page","link":"https:\/\/www.iln-norderstedt.de\/?page_id=546","title":{"rendered":"Beh\u00f6rden, Verb\u00e4nde, Firmen"},"content":{"rendered":"<p>Stadt Norderstedt, \u00a0Amt Nachhaltiges Norderstedt\u00a0 <a href=\"https:\/\/www.norderstedt.de\">https:\/\/www.norderstedt.de<\/a><\/p>\n<p>Bundesministerium f\u00fcr Umwelt, Naturschutz, Bau und Reaktorsicherheit <cite><a href=\"http:\/\/www.bmub.bund.de\/\">www.bmub.bund.de\/<\/a><\/cite><\/p>\n<p>MELUR, Ministerium f\u00fcr Energiewende, Landwirtschaft, Umwelt und l\u00e4ndliche R\u00e4ume\u00a0 <a href=\"http:\/\/www.schleswig-holstein.de\/MELUR\">www.schleswig-holstein.de\/MELUR<\/a><\/p>\n<p>LLUR, Landesamt f\u00fcr Landwirtschaft, Umwelt und l\u00e4ndliche R\u00e4ume des Landes Schleswig-Holstein\u00a0 <a href=\"http:\/\/www.llur.schleswig-holstein.de\">www.llur.schleswig-holstein.de<\/a><\/p>\n<p>UBA, Umweltbundesamt\u00a0 <a href=\"http:\/\/www.umweltbundesamt.de\">www.umweltbundesamt.de<\/a><\/p>\n<p>BAuA, Bundesanstalt f\u00fcr Arbeitsschutz und Arbeitsmedizin\u00a0 <a href=\"http:\/\/www.baua.de\">www.baua.de<\/a><\/p>\n<p>DEGA, Deutsche Gesellschaft f\u00fcr Akustik e.V.\u00a0 <a href=\"http:\/\/www.dega-akustik.de\">www.dega-akustik.de<\/a><\/p>\n<p>ALD, Arbeitsring L\u00e4rm der DEGA,\u00a0 <a href=\"http:\/\/www.ald-laerm.de\">www.ald-laerm.de<\/a><\/p>\n<p>Gr\u00fcne Liga e.V.\u00a0 <a href=\"http:\/\/www.grueneliga.de\">www.grueneliga.de<\/a><\/p>\n<p>Der Blaue Engel\u00a0 <a href=\"http:\/\/www.blauer-engel.de\">www.blauer-engel.de<\/a><\/p>\n<p>BUND, Bund f\u00fcr Umwelt und Naturschutz Deutschland\u00a0 <a href=\"http:\/\/www.bund.net\">www.bund.net<\/a><\/p>\n<p>Naturschutzbund <a href=\"https:\/\/hamburg.nabu.de\/wir-ueber-uns\/stadtteilgruppen\/norderstedt\/index.html\">NABU Norderstedt<\/a><\/p>\n<p>Allgemeiner Deutscher Fahrrad-Club <a href=\"http:\/\/www.adfc-norderstedt.de\/\">adfc Norderstedt<\/a><\/p>\n<p>L\u00e4rmkontor GmbH\u00a0 <a href=\"http:\/\/www.laermkontor.de\">www.laermkontor.de<\/a><\/p>\n<p>&nbsp;<\/p>\n<p>&nbsp;<\/p>\n<p>&nbsp;<\/p>\n<p>&nbsp;<\/p>\n<p>&nbsp;<\/p>\n<p>&nbsp;<\/p>\n<p>&nbsp;<\/p>\n","protected":false},"excerpt":{"rendered":"<p>Stadt Norderstedt, \u00a0Amt Nachhaltiges Norderstedt\u00a0 https:\/\/www.norderstedt.de Bundesministerium f\u00fcr Umwelt, Naturschutz, Bau und Reaktorsicherheit www.bmub.bund.de\/ MELUR, Ministerium f\u00fcr Energiewende, Landwirtschaft, Umwelt und l\u00e4ndliche R\u00e4ume\u00a0 www.schleswig-holstein.de\/MELUR LLUR, Landesamt f\u00fcr Landwirtschaft, Umwelt und l\u00e4ndliche R\u00e4ume des Landes Schleswig-Holstein\u00a0 www.llur.schleswig-holstein.de UBA, Umweltbundesamt\u00a0 www.umweltbundesamt.de BAuA, Bundesanstalt f\u00fcr Arbeitsschutz und Arbeitsmedizin\u00a0 www.baua.de DEGA, Deutsche Gesellschaft f\u00fcr Akustik e.V.\u00a0 www.dega-akustik.de ALD, Arbeitsring &hellip; <a href=\"https:\/\/www.iln-norderstedt.de\/?page_id=546\" class=\"more-link\"><span class=\"screen-reader-text\">Beh\u00f6rden, Verb\u00e4nde, Firmen<\/span> weiterlesen <span class=\"meta-nav\">&rarr;<\/span><\/a><\/p>\n","protected":false},"author":4,"featured_media":0,"parent":0,"menu_order":0,"comment_status":"closed","ping_status":"closed","template":"","meta":[],"_links":{"self":[{"href":"https:\/\/www.iln-norderstedt.de\/index.php?rest_route=\/wp\/v2\/pages\/546"}],"collection":[{"href":"https:\/\/www.iln-norderstedt.de\/index.php?rest_route=\/wp\/v2\/pages"}],"about":[{"href":"https:\/\/www.iln-norderstedt.de\/index.php?rest_route=\/wp\/v2\/types\/page"}],"author":[{"embeddable":true,"href":"https:\/\/www.iln-norderstedt.de\/index.php?rest_route=\/wp\/v2\/users\/4"}],"replies":[{"embeddable":true,"href":"https:\/\/www.iln-norderstedt.de\/index.php?rest_route=%2Fwp%2Fv2%2Fcomments&post=546"}],"version-history":[{"count":6,"href":"https:\/\/www.iln-norderstedt.de\/index.php?rest_route=\/wp\/v2\/pages\/546\/revisions"}],"predecessor-version":[{"id":778,"href":"https:\/\/www.iln-norderstedt.de\/index.php?rest_route=\/wp\/v2\/pages\/546\/revisions\/778"}],"wp:attachment":[{"href":"https:\/\/www.iln-norderstedt.de\/index.php?rest_route=%2Fwp%2Fv2%2Fmedia&parent=546"}],"curies":[{"name":"wp","href":"https:\/\/api.w.org\/{rel}","templated":true}]}}