{"id":540,"date":"2014-02-27T08:07:01","date_gmt":"2014-02-27T07:07:01","guid":{"rendered":"http:\/\/www.iln-norderstedt.de\/?page_id=540"},"modified":"2018-04-18T21:06:33","modified_gmt":"2018-04-18T20:06:33","slug":"aktuell","status":"publish","type":"page","link":"https:\/\/www.iln-norderstedt.de\/?page_id=540","title":{"rendered":"Aktuell"},"content":{"rendered":"<p>J\u00fcngste Erg\u00e4nzungen auf dieser Website:<\/p>\n<p>18.04.2018 <a href=\"http:\/\/www.iln-norderstedt.de\/?page_id=758\" title=\"LAP 2018-2013 f\u00e4llt aus\">Der n\u00e4chste LAP f\u00e4llt aus. Ein Bericht aus dem Umweltausschuss.<\/a><\/p>\n","protected":false},"excerpt":{"rendered":"<p>J\u00fcngste Erg\u00e4nzungen auf dieser Website: 18.04.2018 Der n\u00e4chste LAP f\u00e4llt aus. Ein Bericht aus dem Umweltausschuss.<\/p>\n","protected":false},"author":11,"featured_media":0,"parent":0,"menu_order":0,"comment_status":"closed","ping_status":"closed","template":"","meta":[],"_links":{"self":[{"href":"https:\/\/www.iln-norderstedt.de\/index.php?rest_route=\/wp\/v2\/pages\/540"}],"collection":[{"href":"https:\/\/www.iln-norderstedt.de\/index.php?rest_route=\/wp\/v2\/pages"}],"about":[{"href":"https:\/\/www.iln-norderstedt.de\/index.php?rest_route=\/wp\/v2\/types\/page"}],"author":[{"embeddable":true,"href":"https:\/\/www.iln-norderstedt.de\/index.php?rest_route=\/wp\/v2\/users\/11"}],"replies":[{"embeddable":true,"href":"https:\/\/www.iln-norderstedt.de\/index.php?rest_route=%2Fwp%2Fv2%2Fcomments&post=540"}],"version-history":[{"count":6,"href":"https:\/\/www.iln-norderstedt.de\/index.php?rest_route=\/wp\/v2\/pages\/540\/revisions"}],"predecessor-version":[{"id":766,"href":"https:\/\/www.iln-norderstedt.de\/index.php?rest_route=\/wp\/v2\/pages\/540\/revisions\/766"}],"wp:attachment":[{"href":"https:\/\/www.iln-norderstedt.de\/index.php?rest_route=%2Fwp%2Fv2%2Fmedia&parent=540"}],"curies":[{"name":"wp","href":"https:\/\/api.w.org\/{rel}","templated":true}]}}