{"id":314,"date":"2013-09-25T17:46:07","date_gmt":"2013-09-25T15:46:07","guid":{"rendered":"http:\/\/www.iln-norderstedt.de\/?page_id=314"},"modified":"2014-03-15T17:42:26","modified_gmt":"2014-03-15T16:42:26","slug":"vorschriften","status":"publish","type":"page","link":"https:\/\/www.iln-norderstedt.de\/?page_id=314","title":{"rendered":"Vorschriften"},"content":{"rendered":"<p><strong><span style=\"color: #000000;\">Informationen zur EU-Richtlinie 2008\/50\/EG \u00fcber Luftqualit\u00e4t und saubere Luft in Europa<\/span><\/strong><strong><span style=\"color: #000000; font-family: Arial; font-size: medium;\">\u00a0<\/span><\/strong><\/p>\n<p><span style=\"color: #000000;\">Die Richtlinie beinhaltet im Wesentlichen die Definition von Luftschadstoffen Vorschriften zur Ermittlung und \u00dcberwachung derselben und legt in Abstufung Informations- und<\/span><span style=\"font-size: medium;\"><span style=\"color: #000000; font-family: Arial;\">\u00a0 <\/span><span style=\"color: #000000;\">Alarmschwellen sowie Grenzwerte fest. Dar\u00fcber hinaus werden Ma\u00dfnahmen spezifiziert, die bei \u00dcberschreitung<\/span><\/span><span style=\"font-size: medium;\"><span style=\"color: #000000; font-family: Arial;\">\u00a0 <\/span><span style=\"color: #000000;\">dieser Schwellen ergriffen werden m\u00fcssen, um die menschliche Gesundheit nicht zu gef\u00e4hrden. Au\u00dferdem wird die Prozedur f\u00fcr die Information der \u00d6ffentlichkeit festgelegt.<\/span><\/span><span style=\"color: #000000; font-family: Arial; font-size: medium;\">\u00a0<\/span><\/p>\n<p><span style=\"color: #000000;\">Immissionswerte werden aufgef\u00fchrt f\u00fcr <\/span><span style=\"color: #000000;\">Stickstoffdioxid NO2, Stickstoffoxide NOx, Feinstaub-Partikel PM10 und PM2,5, Blei, Benzol, Kohlenmonoxid CO, Ozon sowie <\/span><span style=\"color: #000000;\">Arsen, Kadmium, Nickel und Benzopyren.<\/span><span style=\"color: #000000; font-family: Arial; font-size: medium;\">\u00a0<\/span><\/p>\n<p><span style=\"color: #000000;\">Die EU- Richtlinie 2008\/50\/EG<\/span><span style=\"font-size: medium;\"><span style=\"color: #000000; font-family: Arial;\">\u00a0 <\/span><span style=\"color: #000000;\">ist in das BImSchG integriert und mit der 39.BImSchV ins nationale Recht umgesetzt worden. Siehe hierzu: <\/span><\/span><\/p>\n<p><span style=\"font-size: medium;\"><span style=\"color: #000000;\"><cite><a href=\"http:\/\/www.gesetze-im-internet.de\/bundesrecht\/bimschg\/gesamt.pdf\">www.gesetze-im-internet.de\/bundesrecht\/<b>bimschg<\/b>\/gesamt.pdf<\/a>\u00a0 <\/cite>\u200e<\/span><\/span><\/p>\n<p><cite><a href=\"http:\/\/www.gesetze-im-internet.de\/bundesrecht\/bimschv_39\/gesamt.pdf\">www.gesetze-im-internet.de\/bundesrecht\/<b>bimschv<\/b>_<b>39<\/b>\/gesamt.pdf<\/a>\u00a0 <\/cite><\/p>\n<div><\/div>\n<p><cite><\/cite>\u200e<\/p>\n<div><\/div>\n","protected":false},"excerpt":{"rendered":"<p>Informationen zur EU-Richtlinie 2008\/50\/EG \u00fcber Luftqualit\u00e4t und saubere Luft in Europa\u00a0 Die Richtlinie beinhaltet im Wesentlichen die Definition von Luftschadstoffen Vorschriften zur Ermittlung und \u00dcberwachung derselben und legt in Abstufung Informations- und\u00a0 Alarmschwellen sowie Grenzwerte fest. Dar\u00fcber hinaus werden Ma\u00dfnahmen spezifiziert, die bei \u00dcberschreitung\u00a0 dieser Schwellen ergriffen werden m\u00fcssen, um die menschliche Gesundheit nicht zu &hellip; <a href=\"https:\/\/www.iln-norderstedt.de\/?page_id=314\" class=\"more-link\"><span class=\"screen-reader-text\">Vorschriften<\/span> weiterlesen <span class=\"meta-nav\">&rarr;<\/span><\/a><\/p>\n","protected":false},"author":4,"featured_media":0,"parent":30,"menu_order":0,"comment_status":"closed","ping_status":"closed","template":"","meta":[],"_links":{"self":[{"href":"https:\/\/www.iln-norderstedt.de\/index.php?rest_route=\/wp\/v2\/pages\/314"}],"collection":[{"href":"https:\/\/www.iln-norderstedt.de\/index.php?rest_route=\/wp\/v2\/pages"}],"about":[{"href":"https:\/\/www.iln-norderstedt.de\/index.php?rest_route=\/wp\/v2\/types\/page"}],"author":[{"embeddable":true,"href":"https:\/\/www.iln-norderstedt.de\/index.php?rest_route=\/wp\/v2\/users\/4"}],"replies":[{"embeddable":true,"href":"https:\/\/www.iln-norderstedt.de\/index.php?rest_route=%2Fwp%2Fv2%2Fcomments&post=314"}],"version-history":[{"count":4,"href":"https:\/\/www.iln-norderstedt.de\/index.php?rest_route=\/wp\/v2\/pages\/314\/revisions"}],"predecessor-version":[{"id":592,"href":"https:\/\/www.iln-norderstedt.de\/index.php?rest_route=\/wp\/v2\/pages\/314\/revisions\/592"}],"up":[{"embeddable":true,"href":"https:\/\/www.iln-norderstedt.de\/index.php?rest_route=\/wp\/v2\/pages\/30"}],"wp:attachment":[{"href":"https:\/\/www.iln-norderstedt.de\/index.php?rest_route=%2Fwp%2Fv2%2Fmedia&parent=314"}],"curies":[{"name":"wp","href":"https:\/\/api.w.org\/{rel}","templated":true}]}}