{"id":302,"date":"2013-09-25T16:06:33","date_gmt":"2013-09-25T14:06:33","guid":{"rendered":"http:\/\/www.iln-norderstedt.de\/?page_id=302"},"modified":"2014-04-03T13:35:28","modified_gmt":"2014-04-03T12:35:28","slug":"luftreinhalteplan","status":"publish","type":"page","link":"https:\/\/www.iln-norderstedt.de\/?page_id=302","title":{"rendered":"Luftreinhalteplan"},"content":{"rendered":"<p>F\u00fcr Norderstedt wurde vom Ministerium f\u00fcr Energiewende, Landwirtschaft, Umwelt und l\u00e4ndliche R\u00e4ume des Landes Schleswig-Holstein (MELUR) im September 2013 ein Luftreinhalteplan- Entwurf erstellt.<\/p>\n<p>Grundlage ist die\u00a0 Richtlinie 2008\/50EG des Europ\u00e4ischen Parlaments und des Rates vom 21.Mai 2008 \u00fcber Luftqualit\u00e4t und saubere Luft f\u00fcr Europa, die eine regelm\u00e4\u00dfige \u00dcberwachung der Luftqualit\u00e4t vorsieht und bei \u00dcberschreitung von Grenzwerten Gegenma\u00dfnahmen fordert.<\/p>\n<p>Die Messungen des Stickstoffdioxid- Gehaltes der Au\u00dfenluft auf der Ohechaussee in den Jahren 2011 und 2012 ergaben Jahresmittelwerte von 44 bzw. 43 Mikrogramm pro Kubikmeter. Da diese Werte \u00fcber dem Grenzwert von 40\u00a0Mikrogramm pro Kubikmeter\u00a0liegen, muss gem\u00e4\u00df \u00a747 des Bundes-Immissionsschutzgesetzes ein Luftreinhalteplan erstellt werden.<\/p>\n<p>Der vorliegende Entwurf (siehe unter <a href=\"http:\/\/www.schleswig-holstein.de\/UmweltLandwirtschaft\/DE\/ImmissionKlima\/02_Luftqualitaet\/12_Luftreinhalteplaene\/124_LRP_Norderstedt\/LRP_Norderstedt_Aug2013__blob=publicationFile.pdf\">http:\/\/www.schleswig-holstein.de\/UmweltLandwirtschaft\/DE\/ImmissionKlima\/02_Luftqualitaet\/12_Luftreinhalteplaene\/124_LRP_Norderstedt\/LRP_Norderstedt_Aug2013__blob=publicationFile.pdf<\/a> )\u00a0 wurde im\u00a0 September 2013 der \u00d6ffentlichkeit zur Stellungnahme vorgelegt. Zurzeit werden die eingegangenen Eingaben (Stellungnahme der ILN siehe unter Presse und Diskussionsforum) von dem MELUR bearbeitet. Ein Zeitpunkt f\u00fcr die Ver\u00f6ffentlichung des genehmigten Planes ist noch nicht bekannt<\/p>\n<p>Stand 3.4.2014<\/p>\n","protected":false},"excerpt":{"rendered":"<p>F\u00fcr Norderstedt wurde vom Ministerium f\u00fcr Energiewende, Landwirtschaft, Umwelt und l\u00e4ndliche R\u00e4ume des Landes Schleswig-Holstein (MELUR) im September 2013 ein Luftreinhalteplan- Entwurf erstellt. Grundlage ist die\u00a0 Richtlinie 2008\/50EG des Europ\u00e4ischen Parlaments und des Rates vom 21.Mai 2008 \u00fcber Luftqualit\u00e4t und saubere Luft f\u00fcr Europa, die eine regelm\u00e4\u00dfige \u00dcberwachung der Luftqualit\u00e4t vorsieht und bei \u00dcberschreitung von &hellip; <a href=\"https:\/\/www.iln-norderstedt.de\/?page_id=302\" class=\"more-link\"><span class=\"screen-reader-text\">Luftreinhalteplan<\/span> weiterlesen <span class=\"meta-nav\">&rarr;<\/span><\/a><\/p>\n","protected":false},"author":4,"featured_media":0,"parent":30,"menu_order":0,"comment_status":"closed","ping_status":"closed","template":"","meta":[],"_links":{"self":[{"href":"https:\/\/www.iln-norderstedt.de\/index.php?rest_route=\/wp\/v2\/pages\/302"}],"collection":[{"href":"https:\/\/www.iln-norderstedt.de\/index.php?rest_route=\/wp\/v2\/pages"}],"about":[{"href":"https:\/\/www.iln-norderstedt.de\/index.php?rest_route=\/wp\/v2\/types\/page"}],"author":[{"embeddable":true,"href":"https:\/\/www.iln-norderstedt.de\/index.php?rest_route=\/wp\/v2\/users\/4"}],"replies":[{"embeddable":true,"href":"https:\/\/www.iln-norderstedt.de\/index.php?rest_route=%2Fwp%2Fv2%2Fcomments&post=302"}],"version-history":[{"count":17,"href":"https:\/\/www.iln-norderstedt.de\/index.php?rest_route=\/wp\/v2\/pages\/302\/revisions"}],"predecessor-version":[{"id":626,"href":"https:\/\/www.iln-norderstedt.de\/index.php?rest_route=\/wp\/v2\/pages\/302\/revisions\/626"}],"up":[{"embeddable":true,"href":"https:\/\/www.iln-norderstedt.de\/index.php?rest_route=\/wp\/v2\/pages\/30"}],"wp:attachment":[{"href":"https:\/\/www.iln-norderstedt.de\/index.php?rest_route=%2Fwp%2Fv2%2Fmedia&parent=302"}],"curies":[{"name":"wp","href":"https:\/\/api.w.org\/{rel}","templated":true}]}}