{"id":300,"date":"2013-09-25T16:05:41","date_gmt":"2013-09-25T14:05:41","guid":{"rendered":"http:\/\/www.iln-norderstedt.de\/?page_id=300"},"modified":"2014-03-15T17:43:59","modified_gmt":"2014-03-15T16:43:59","slug":"wissen","status":"publish","type":"page","link":"https:\/\/www.iln-norderstedt.de\/?page_id=300","title":{"rendered":"Wissen"},"content":{"rendered":"<p><strong>Schadstoffe, die die Gesundheit gef\u00e4hrden<\/strong><\/p>\n<p>Durch das hohe Verkehrsaufkommen in Norderstedt, zum Beispiel in der Segeberger Chaussee und der Ohechaussee, treten Stickstoffdioxid NO2 und Feinstaub PM10 in\u00a0 hoher Konzentration auf.<\/p>\n<p><b>Stickstoffdioxid NO2<\/b><br \/>\nNO2 entsteht bei der Verbrennung von Kohle, \u00d6l und Gas und ist im Abgas von Kraftfahrzeugen enthalten. Es l\u00f6st Kopfschmerzen und Schwindel, in h\u00f6herer Konzentration Atemnot und Lungen\u00f6deme aus.<\/p>\n<p>Ein besonderer Verursacher sind neue Diesel-Pkw ab der Abgasstufe Euro 3. Denn ihre Oxidationskatalysatoren wandeln das im Abgas enthaltene weniger giftige NO in NO2 um. Solche Pkw sto\u00dfen einem <a href=\"http:\/\/www.mugv.brandenburg.de\/sixcms\/media.php\/4055\/lai_118.pdf\">Bericht<\/a> des Umweltministeriums Brandenburg zufolge dreimal so viel NO2 aus wie ein Ottomotor-Pkw.<\/p>\n<p><b>Feinstaub PM10<\/b><br \/>\n&#8222;PM&#8220; ist die englische Abk\u00fcrzung f\u00fcr &#8222;Particulate Matter&#8220;, auf Deutsch etwa &#8222;kleine Teilchen&#8220;. &#8222;PM10&#8220; bezeichnet eine Kategorie von Staub, in dem 50% der Teilchen einen Durchmesser von 10 Mikrometer und mehr als weitere 25% einen noch kleineren Durchmesser haben. Solche Teilchen k\u00f6nnen tief in die Lunge vordringen. Sie sind daher besonders gesundheitssch\u00e4dlich.<\/p>\n<p><img loading=\"lazy\" class=\"alignnone size-medium wp-image-498\" alt=\"Lkw und Bus Norderstedt Ulzburger Stra\u00dfe. Foto: Segatz\" src=\"http:\/\/www.iln-norderstedt.de\/wp-content\/uploads\/2014\/02\/Ulzburger-2014-02-25-Lkw-Transthermos-und-Bus-300x163.jpg\" width=\"300\" height=\"163\" srcset=\"https:\/\/www.iln-norderstedt.de\/wp-content\/uploads\/2014\/02\/Ulzburger-2014-02-25-Lkw-Transthermos-und-Bus-300x163.jpg 300w, https:\/\/www.iln-norderstedt.de\/wp-content\/uploads\/2014\/02\/Ulzburger-2014-02-25-Lkw-Transthermos-und-Bus.jpg 495w\" sizes=\"(max-width: 300px) 100vw, 300px\" \/><br \/>\n<b>Quelle von NO2 und Feinstaub: Dieselmotoren<\/b><\/p>\n<p>Verursacher von Feinstaub ist im verkehrsbelasteten Norderstedt insbesondere der Stra\u00dfenverkehr. Laut <a title=\"Feinstaub bei Wikipedia\" href=\"http:\/\/de.wikipedia.org\/wiki\/Feinstaub\" target=\"_blank\">Wikipedia<\/a> f\u00fchrt Stra\u00dfenverkehr bundesweit zu einer Jahresbelastung von 42.000 Tonnen. Quellen des Feinstaubs sind laut Wikipedia Dieselmotoren mit 29.000 t, Bremsenabrieb mit 7.000 t und Reifenabrieb mit 6000 t. Ein Vergleich: Die Jahresbelastung durch Industrie betr\u00e4gt 60.000 Tonnen.<\/p>\n<p>Die aktuelle Situation in Norderstedt, sowie die der vergangenen Jahre ist folgender Quelle zu entnehmen:<\/p>\n<p><a href=\"http:\/\/www.schleswig-holstein.de\/UmweltLandwirtschaft\/DE\/ImmissionKlima\/02_Luftqualitaet\/01_Allgemein\/06_LuftIn\/Norderstedt.html\">http:\/\/www.schleswig-holstein.de\/UmweltLandwirtschaft\/DE\/ImmissionKlima\/02_Luftqualitaet\/01_Allgemein\/06_LuftIn\/Norderstedt.html<\/a><\/p>\n<p><b>Ozon<\/b><br \/>\nOzon ist ein aus drei Sauerstoffatomen bestehendes Gas. Es wird vom 1. Mai bis zum 30. September in der Stadtmitte gemessen und angezeigt.<\/p>\n<p>Zitat Umweltbundesamt: \u201eOzon wird nicht direkt freigesetzt, sondern bei intensiver Sonneneinstrahlung durch komplexe photochemische Prozesse aus Vorl\u00e4uferschadstoffen &#8211; \u00fcberwiegend Stickstoffoxiden und fl\u00fcchtigen organischen Verbindungen &#8211; gebildet. Hohe Lufttemperaturen und starke Sonneneinstrahlung beg\u00fcnstigen die Entstehung von bodennahem Ozon in der Atmosph\u00e4re.\u201c<\/p>\n<p>Ozon kann die Atemwege reizen und zu Entz\u00fcndungen der Atemwege sowie Kopfschmerz f\u00fchren. Der Grenzwert zum Schutz der menschlichen Gesundheit liegt bei 120 Mikrogramm pro Kubikmeter Luft. Gro\u00dfe Anstrengungen und k\u00f6rperliche Belastungen wie Joggen und Radfahren sind zu vermeiden. Ab 240 Mikrogramm pro Kubikmeter Luft nehmen Asthmaanf\u00e4lle zu.<\/p>\n<p>Die Situation in Norderstedt wird auch beschrieben unter<\/p>\n<p><cite><a href=\"https:\/\/www.norderstedt.de\/Leben-Wohnen\/...\/Luftreinhaltung-und-Ozon\">https:\/\/www.<b>norderstedt<\/b>.<b>de<\/b>\/Leben-Wohnen\/&#8230;\/<b>Luftreinhaltung<\/b>-und-Ozon<\/a> <\/cite>\u200e<\/p>\n<div><\/div>\n<p>&nbsp;<\/p>\n","protected":false},"excerpt":{"rendered":"<p>Schadstoffe, die die Gesundheit gef\u00e4hrden Durch das hohe Verkehrsaufkommen in Norderstedt, zum Beispiel in der Segeberger Chaussee und der Ohechaussee, treten Stickstoffdioxid NO2 und Feinstaub PM10 in\u00a0 hoher Konzentration auf. Stickstoffdioxid NO2 NO2 entsteht bei der Verbrennung von Kohle, \u00d6l und Gas und ist im Abgas von Kraftfahrzeugen enthalten. Es l\u00f6st Kopfschmerzen und Schwindel, in &hellip; <a href=\"https:\/\/www.iln-norderstedt.de\/?page_id=300\" class=\"more-link\"><span class=\"screen-reader-text\">Wissen<\/span> weiterlesen <span class=\"meta-nav\">&rarr;<\/span><\/a><\/p>\n","protected":false},"author":4,"featured_media":0,"parent":30,"menu_order":0,"comment_status":"closed","ping_status":"closed","template":"","meta":[],"_links":{"self":[{"href":"https:\/\/www.iln-norderstedt.de\/index.php?rest_route=\/wp\/v2\/pages\/300"}],"collection":[{"href":"https:\/\/www.iln-norderstedt.de\/index.php?rest_route=\/wp\/v2\/pages"}],"about":[{"href":"https:\/\/www.iln-norderstedt.de\/index.php?rest_route=\/wp\/v2\/types\/page"}],"author":[{"embeddable":true,"href":"https:\/\/www.iln-norderstedt.de\/index.php?rest_route=\/wp\/v2\/users\/4"}],"replies":[{"embeddable":true,"href":"https:\/\/www.iln-norderstedt.de\/index.php?rest_route=%2Fwp%2Fv2%2Fcomments&post=300"}],"version-history":[{"count":17,"href":"https:\/\/www.iln-norderstedt.de\/index.php?rest_route=\/wp\/v2\/pages\/300\/revisions"}],"predecessor-version":[{"id":594,"href":"https:\/\/www.iln-norderstedt.de\/index.php?rest_route=\/wp\/v2\/pages\/300\/revisions\/594"}],"up":[{"embeddable":true,"href":"https:\/\/www.iln-norderstedt.de\/index.php?rest_route=\/wp\/v2\/pages\/30"}],"wp:attachment":[{"href":"https:\/\/www.iln-norderstedt.de\/index.php?rest_route=%2Fwp%2Fv2%2Fmedia&parent=300"}],"curies":[{"name":"wp","href":"https:\/\/api.w.org\/{rel}","templated":true}]}}