{"id":30,"date":"2013-06-30T18:37:10","date_gmt":"2013-06-30T16:37:10","guid":{"rendered":"http:\/\/www.isdnsoftware.de\/iln\/?page_id=30"},"modified":"2014-04-02T18:37:19","modified_gmt":"2014-04-02T17:37:19","slug":"unterseite-2-zu-thema-2","status":"publish","type":"page","link":"https:\/\/www.iln-norderstedt.de\/?page_id=30","title":{"rendered":"Luftqualit\u00e4t"},"content":{"rendered":"<p><strong>Schadstoffe in der Luft<\/strong><\/p>\n<p>Das Umweltbundesamt (UBA) sagt:<\/p>\n<p>Erwiesen ist, dass Luftinhaltsstoffe, die in zu hohen Konzentrationen auftreten, die Luft verunreinigen und als Schadstoffe weit reichende Wirkungen entfalten. Sie sind nicht nur sch\u00e4dlich f\u00fcr Menschen (Erkrankung der Atemwege, Lunge und anderer Organe) und Tiere, sondern greifen auch Pflanzen, Gew\u00e4sser, B\u00f6den und sogar Bauwerke und Materialien an.<\/p>\n<p>Umfangreiche Anstrengungen sind daher n\u00f6tig, um die Luft dort, wo es n\u00f6tig ist, nachhaltig zu verbessern.<\/p>\n<p>Wegen der nachgewiesenen hohen Gesundheitsgef\u00e4hrdung wurden f\u00fcr eine Reihe von Schadstoffen Grenzwerte definiert und im Bundes-Immissionsschutzgesetz BImSchG festgeschrieben.<\/p>\n","protected":false},"excerpt":{"rendered":"<p>Schadstoffe in der Luft Das Umweltbundesamt (UBA) sagt: Erwiesen ist, dass Luftinhaltsstoffe, die in zu hohen Konzentrationen auftreten, die Luft verunreinigen und als Schadstoffe weit reichende Wirkungen entfalten. Sie sind nicht nur sch\u00e4dlich f\u00fcr Menschen (Erkrankung der Atemwege, Lunge und anderer Organe) und Tiere, sondern greifen auch Pflanzen, Gew\u00e4sser, B\u00f6den und sogar Bauwerke und Materialien &hellip; <a href=\"https:\/\/www.iln-norderstedt.de\/?page_id=30\" class=\"more-link\"><span class=\"screen-reader-text\">Luftqualit\u00e4t<\/span> weiterlesen <span class=\"meta-nav\">&rarr;<\/span><\/a><\/p>\n","protected":false},"author":11,"featured_media":0,"parent":0,"menu_order":0,"comment_status":"closed","ping_status":"closed","template":"","meta":[],"_links":{"self":[{"href":"https:\/\/www.iln-norderstedt.de\/index.php?rest_route=\/wp\/v2\/pages\/30"}],"collection":[{"href":"https:\/\/www.iln-norderstedt.de\/index.php?rest_route=\/wp\/v2\/pages"}],"about":[{"href":"https:\/\/www.iln-norderstedt.de\/index.php?rest_route=\/wp\/v2\/types\/page"}],"author":[{"embeddable":true,"href":"https:\/\/www.iln-norderstedt.de\/index.php?rest_route=\/wp\/v2\/users\/11"}],"replies":[{"embeddable":true,"href":"https:\/\/www.iln-norderstedt.de\/index.php?rest_route=%2Fwp%2Fv2%2Fcomments&post=30"}],"version-history":[{"count":15,"href":"https:\/\/www.iln-norderstedt.de\/index.php?rest_route=\/wp\/v2\/pages\/30\/revisions"}],"predecessor-version":[{"id":620,"href":"https:\/\/www.iln-norderstedt.de\/index.php?rest_route=\/wp\/v2\/pages\/30\/revisions\/620"}],"wp:attachment":[{"href":"https:\/\/www.iln-norderstedt.de\/index.php?rest_route=%2Fwp%2Fv2%2Fmedia&parent=30"}],"curies":[{"name":"wp","href":"https:\/\/api.w.org\/{rel}","templated":true}]}}