{"id":264,"date":"2013-09-24T15:05:48","date_gmt":"2013-09-24T13:05:48","guid":{"rendered":"http:\/\/www.iln-norderstedt.de\/?page_id=264"},"modified":"2018-06-02T10:42:07","modified_gmt":"2018-06-02T09:42:07","slug":"link","status":"publish","type":"page","link":"https:\/\/www.iln-norderstedt.de\/?page_id=264","title":{"rendered":"N\u00fctzliche Links"},"content":{"rendered":"<p>LMP (L\u00e4rmminderungsplanung) bzw. L\u00e4rmaktionsplan LAP Norderstedt 2008-2013: <a href=\"http:\/\/lmp-norderstedt-2013.de\/index.php\" target=\"_blank\" rel=\"noopener\">http:\/\/lmp-norderstedt-2013.de\/index.php<\/a><\/p>\n<p><a href=\"http:\/\/www.iln-norderstedt.de\/wp-content\/uploads\/2013\/10\/2013-10-ENTWURF_LAP_Norderstedt_2_.pdf\" target=\"_blank\" rel=\"noopener\">Entwurf LAP Norderstedt 2013-2018, Stand vom 12.09.2013.<\/a><\/p>\n<p>Rahmenkonzept Ulzburger Stra\u00dfe vom 1.8.2011: <a href=\"http:\/\/www.norderstedt.de\/media\/custom\/1917_958_1.PDF?1313586842\" target=\"_blank\" rel=\"noopener\">http:\/\/www.norderstedt.de\/media\/custom\/1917_958_1.PDF?1313586842<\/a><\/p>\n<p>Verkehrsentwicklungsplan, Fortschreibung 2007: <a href=\"http:\/\/www.norderstedt-2020.de\/documents\/vep\/vep_2020_fortschreibung_2007_06_07.pdf\" target=\"_blank\" rel=\"noopener\">http:\/\/www.norderstedt-2020.de\/documents\/vep\/vep_2020_fortschreibung_2007_06_07.pdf<\/a><\/p>\n<p>Die Website norderstedt-lebenswert-leise.de gibt es nicht mehr, aber eine \u00dcbersicht des Amtes NaNo auf der <a href=\"https:\/\/www.norderstedt.de\/l%C3%A4rmaktionsplan\">st\u00e4dtischen Webseite<\/a>.<\/p>\n","protected":false},"excerpt":{"rendered":"<p>LMP (L\u00e4rmminderungsplanung) bzw. L\u00e4rmaktionsplan LAP Norderstedt 2008-2013: http:\/\/lmp-norderstedt-2013.de\/index.php Entwurf LAP Norderstedt 2013-2018, Stand vom 12.09.2013. Rahmenkonzept Ulzburger Stra\u00dfe vom 1.8.2011: http:\/\/www.norderstedt.de\/media\/custom\/1917_958_1.PDF?1313586842 Verkehrsentwicklungsplan, Fortschreibung 2007: http:\/\/www.norderstedt-2020.de\/documents\/vep\/vep_2020_fortschreibung_2007_06_07.pdf Die Website norderstedt-lebenswert-leise.de gibt es nicht mehr, aber eine \u00dcbersicht des Amtes NaNo auf der st\u00e4dtischen Webseite.<\/p>\n","protected":false},"author":4,"featured_media":0,"parent":8,"menu_order":0,"comment_status":"closed","ping_status":"closed","template":"","meta":[],"_links":{"self":[{"href":"https:\/\/www.iln-norderstedt.de\/index.php?rest_route=\/wp\/v2\/pages\/264"}],"collection":[{"href":"https:\/\/www.iln-norderstedt.de\/index.php?rest_route=\/wp\/v2\/pages"}],"about":[{"href":"https:\/\/www.iln-norderstedt.de\/index.php?rest_route=\/wp\/v2\/types\/page"}],"author":[{"embeddable":true,"href":"https:\/\/www.iln-norderstedt.de\/index.php?rest_route=\/wp\/v2\/users\/4"}],"replies":[{"embeddable":true,"href":"https:\/\/www.iln-norderstedt.de\/index.php?rest_route=%2Fwp%2Fv2%2Fcomments&post=264"}],"version-history":[{"count":11,"href":"https:\/\/www.iln-norderstedt.de\/index.php?rest_route=\/wp\/v2\/pages\/264\/revisions"}],"predecessor-version":[{"id":775,"href":"https:\/\/www.iln-norderstedt.de\/index.php?rest_route=\/wp\/v2\/pages\/264\/revisions\/775"}],"up":[{"embeddable":true,"href":"https:\/\/www.iln-norderstedt.de\/index.php?rest_route=\/wp\/v2\/pages\/8"}],"wp:attachment":[{"href":"https:\/\/www.iln-norderstedt.de\/index.php?rest_route=%2Fwp%2Fv2%2Fmedia&parent=264"}],"curies":[{"name":"wp","href":"https:\/\/api.w.org\/{rel}","templated":true}]}}