{"id":260,"date":"2013-09-24T15:04:53","date_gmt":"2013-09-24T13:04:53","guid":{"rendered":"http:\/\/www.iln-norderstedt.de\/?page_id=260"},"modified":"2014-04-15T11:21:58","modified_gmt":"2014-04-15T10:21:58","slug":"home","status":"publish","type":"page","link":"https:\/\/www.iln-norderstedt.de\/?page_id=260","title":{"rendered":"Aufgabenbereich"},"content":{"rendered":"<p><b>Die ILN bildet ein Forum zur B\u00fcrgerbeteiligung an verschiedenen Umwelt-Projekten der Stadt Norderstedt, Die Hauptprojekte sind:<\/b><\/p>\n<ul>\n<li><b>L\u00e4rmminderung<\/b><\/li>\n<li><b>Luftreinhaltung<\/b><\/li>\n<\/ul>\n<p><b>Au\u00dferdem unterst\u00fctzt die ILN Stadtentwicklungsprojekte wie<\/b><\/p>\n<ul>\n<li><b>Fu\u00dfverkehrskonzept<\/b><\/li>\n<li><b>Radverkehrskonzept<\/b><\/li>\n<li><b>Zukunftswerkstatt<\/b><\/li>\n<li><b>\u00d6PNV<\/b><b><\/b><\/li>\n<\/ul>\n<p>Die Umsetzung der EU-Richtlinie zur <b>L\u00e4rmminderung <\/b>in St\u00e4dten ist seit 2004 das Hauptprojekt der ILN und wird es in den kommenden Jahren bleiben. Die EU fordert eine 5-j\u00e4hrige LAP-\u00dcberpr\u00fcfung, wiederum unter Einschaltung der \u00d6ffentlichkeit. Anh\u00f6rungen der Einwohner durch das \u201eAmt Nachhaltiges Norderstedt\u201c haben Anfang \u00a02013 stattgefunden. Die ILN hat aktiv mitgearbeitet. Der neue L\u00e4rmaktionsplan\u00a0(LAP) 2013-2018 liegt im Entwurf vor. Jeder, dessen Belange durch das Vorhaben ber\u00fchrt wird, konnte bis Mitte Dezember 2013 schriftlich Einwendungen erheben. Zurzeit werden die Einwendungen auch von Seiten anderer Beh\u00f6rden und Tr\u00e4ger \u00f6ffentlicher Belange durch das Umweltamt gepr\u00fcft, ggf. mit in den LAP eingearbeitet und anschlie\u00dfend der Politik zur Genehmigung vorgelegt.<\/p>\n<p>Neben der L\u00e4rmbelastung spielt in Norderstedt die <b>Luftverschmutzung <\/b>durch den Verkehr eine dominante Rolle. Zum Beispiel wurde in den vergangenen Jahren der Grenzwert f\u00fcr Stickstoffdioxyd (teilweise auch der f\u00fcr Feinstaub) mehrfach und damit gesundheitsgef\u00e4hrdend \u00fcberschritten. Aus diesem Grunde hat das daf\u00fcr zust\u00e4ndige Ministerium f\u00fcr Energiewende, Landwirtschaft, Umwelt und l\u00e4ndliche R\u00e4ume (MELUR) in Schleswig-Holstein einen Luftreinhalteplan gem\u00e4\u00df \u00a747 des Bundes-Immissionsschutzgesetzes erstellt. Der Entwurf des Planes wurde zur Beteiligung der \u00d6ffentlichkeit bis zum 2.Oktober 2013 im Rathaus ausgelegt. Schriftliche Eingaben &#8211; auch von der ILN \u2013 sind bis zum 16.Oktober an das MELUR \u00a0gerichtet worden. Antworten zu den Eingaben der ILN liegen noch nicht vor.<\/p>\n<p>Stand April 2014\u00a0 (ES)<\/p>\n","protected":false},"excerpt":{"rendered":"<p>Die ILN bildet ein Forum zur B\u00fcrgerbeteiligung an verschiedenen Umwelt-Projekten der Stadt Norderstedt, Die Hauptprojekte sind: L\u00e4rmminderung Luftreinhaltung Au\u00dferdem unterst\u00fctzt die ILN Stadtentwicklungsprojekte wie Fu\u00dfverkehrskonzept Radverkehrskonzept Zukunftswerkstatt \u00d6PNV Die Umsetzung der EU-Richtlinie zur L\u00e4rmminderung in St\u00e4dten ist seit 2004 das Hauptprojekt der ILN und wird es in den kommenden Jahren bleiben. Die EU fordert eine &hellip; <a href=\"https:\/\/www.iln-norderstedt.de\/?page_id=260\" class=\"more-link\"><span class=\"screen-reader-text\">Aufgabenbereich<\/span> weiterlesen <span class=\"meta-nav\">&rarr;<\/span><\/a><\/p>\n","protected":false},"author":4,"featured_media":0,"parent":8,"menu_order":0,"comment_status":"closed","ping_status":"closed","template":"","meta":[],"_links":{"self":[{"href":"https:\/\/www.iln-norderstedt.de\/index.php?rest_route=\/wp\/v2\/pages\/260"}],"collection":[{"href":"https:\/\/www.iln-norderstedt.de\/index.php?rest_route=\/wp\/v2\/pages"}],"about":[{"href":"https:\/\/www.iln-norderstedt.de\/index.php?rest_route=\/wp\/v2\/types\/page"}],"author":[{"embeddable":true,"href":"https:\/\/www.iln-norderstedt.de\/index.php?rest_route=\/wp\/v2\/users\/4"}],"replies":[{"embeddable":true,"href":"https:\/\/www.iln-norderstedt.de\/index.php?rest_route=%2Fwp%2Fv2%2Fcomments&post=260"}],"version-history":[{"count":8,"href":"https:\/\/www.iln-norderstedt.de\/index.php?rest_route=\/wp\/v2\/pages\/260\/revisions"}],"predecessor-version":[{"id":640,"href":"https:\/\/www.iln-norderstedt.de\/index.php?rest_route=\/wp\/v2\/pages\/260\/revisions\/640"}],"up":[{"embeddable":true,"href":"https:\/\/www.iln-norderstedt.de\/index.php?rest_route=\/wp\/v2\/pages\/8"}],"wp:attachment":[{"href":"https:\/\/www.iln-norderstedt.de\/index.php?rest_route=%2Fwp%2Fv2%2Fmedia&parent=260"}],"curies":[{"name":"wp","href":"https:\/\/api.w.org\/{rel}","templated":true}]}}