{"id":241,"date":"2013-09-22T17:01:13","date_gmt":"2013-09-22T15:01:13","guid":{"rendered":"http:\/\/www.iln-norderstedt.de\/?page_id=241"},"modified":"2014-04-15T11:26:05","modified_gmt":"2014-04-15T10:26:05","slug":"ziele","status":"publish","type":"page","link":"https:\/\/www.iln-norderstedt.de\/?page_id=241","title":{"rendered":"Ziele"},"content":{"rendered":"<p><b>Die Arbeit der ILN hat das Ziel, auf die Stadtverwaltung und die Stadtverordneten so einzuwirken, dass die Umweltbelastung durch L\u00e4rm, Luftschadstoffe nachhaltig reduziert, die Infrastruktur b\u00fcrgernah verbessert und damit die Lebensqualit\u00e4t in Norderstedt verbessert wird. Die ILN gibt sich folgende Einzelaufgaben und Ziele:<\/b><\/p>\n<ul>\n<li>Mitwirkung bei der Neuauflage des L\u00e4rmaktionsplanes LAP und dessen Umsetzung zur Reduzierung der L\u00e4rmbelastung (siehe weiter unten \u201eMitwirkungsmodell).<\/li>\n<li>Kritische Stellungnahme zum vorgelegten Luftreinhalteplan. Kontrolle der ver\u00f6ffentlichten Luftschadstoffmesswerte, ggf. Einwirkung auf die Entscheidungstr\u00e4ger zur Realisierung von Reduzierungsma\u00dfnahmen.<\/li>\n<li>Information der B\u00fcrger \u00fcber\u00a0 die Umweltbelastung in Norderstedt und die Notwendigkeit von Verbesserungsma\u00dfnahmen.<\/li>\n<li>Kritische Begleitung der Stadtentwicklungspolitik zur Sicherstellung der Belange der B\u00fcrger im Hinblick auf hohe Lebensqualit\u00e4t, Sicherheit, gute Beleuchtung, kurze Versorgungswege, erholsame Spazierwege, Gr\u00fcnoasen.<\/li>\n<li>Studium der aktuellen Gesetzgebung und Grundlagen der Umweltbelastung. Dabei Informationsaustausch innerhalb der Gruppe und mit gleichgesinnten Interessenvertretern und Netzwerken.<\/li>\n<\/ul>\n<p>Stand: April 2014 (ES)<\/p>\n<p><span style=\"color: #000000; font-family: Times New Roman; font-size: x-large;\">\u00a0<\/span><strong>Mitwirkungsmodel:<\/strong><\/p>\n<p><a href=\"http:\/\/www.iln-norderstedt.de\/wp-content\/uploads\/2013\/07\/Mitwirkungsmodell-der-ILN.jpg\"><img loading=\"lazy\" alt=\"Mitwirkungsmodell der ILN\" src=\"http:\/\/www.iln-norderstedt.de\/wp-content\/uploads\/2013\/07\/Mitwirkungsmodell-der-ILN-225x300.jpg\" width=\"290\" height=\"392\" \/><\/a><\/p>\n<p>&nbsp;<\/p>\n","protected":false},"excerpt":{"rendered":"<p>Die Arbeit der ILN hat das Ziel, auf die Stadtverwaltung und die Stadtverordneten so einzuwirken, dass die Umweltbelastung durch L\u00e4rm, Luftschadstoffe nachhaltig reduziert, die Infrastruktur b\u00fcrgernah verbessert und damit die Lebensqualit\u00e4t in Norderstedt verbessert wird. Die ILN gibt sich folgende Einzelaufgaben und Ziele: Mitwirkung bei der Neuauflage des L\u00e4rmaktionsplanes LAP und dessen Umsetzung zur Reduzierung &hellip; <a href=\"https:\/\/www.iln-norderstedt.de\/?page_id=241\" class=\"more-link\"><span class=\"screen-reader-text\">Ziele<\/span> weiterlesen <span class=\"meta-nav\">&rarr;<\/span><\/a><\/p>\n","protected":false},"author":4,"featured_media":0,"parent":8,"menu_order":0,"comment_status":"closed","ping_status":"closed","template":"","meta":[],"_links":{"self":[{"href":"https:\/\/www.iln-norderstedt.de\/index.php?rest_route=\/wp\/v2\/pages\/241"}],"collection":[{"href":"https:\/\/www.iln-norderstedt.de\/index.php?rest_route=\/wp\/v2\/pages"}],"about":[{"href":"https:\/\/www.iln-norderstedt.de\/index.php?rest_route=\/wp\/v2\/types\/page"}],"author":[{"embeddable":true,"href":"https:\/\/www.iln-norderstedt.de\/index.php?rest_route=\/wp\/v2\/users\/4"}],"replies":[{"embeddable":true,"href":"https:\/\/www.iln-norderstedt.de\/index.php?rest_route=%2Fwp%2Fv2%2Fcomments&post=241"}],"version-history":[{"count":8,"href":"https:\/\/www.iln-norderstedt.de\/index.php?rest_route=\/wp\/v2\/pages\/241\/revisions"}],"predecessor-version":[{"id":641,"href":"https:\/\/www.iln-norderstedt.de\/index.php?rest_route=\/wp\/v2\/pages\/241\/revisions\/641"}],"up":[{"embeddable":true,"href":"https:\/\/www.iln-norderstedt.de\/index.php?rest_route=\/wp\/v2\/pages\/8"}],"wp:attachment":[{"href":"https:\/\/www.iln-norderstedt.de\/index.php?rest_route=%2Fwp%2Fv2%2Fmedia&parent=241"}],"curies":[{"name":"wp","href":"https:\/\/api.w.org\/{rel}","templated":true}]}}